{"id":1475,"date":"2022-10-10T07:41:39","date_gmt":"2022-10-10T07:41:39","guid":{"rendered":"https:\/\/karoslittlecorner.wordpress.com\/?page_id=1475"},"modified":"2023-09-01T11:07:37","modified_gmt":"2023-09-01T15:07:37","slug":"whos-karo","status":"publish","type":"page","link":"https:\/\/karoslittlecorner.com\/index.php\/whos-karo\/","title":{"rendered":"10 fun facts about me"},"content":{"rendered":"<p><\/p>\r\n<h1 id=\"block-6534d4aa-959b-41ad-9c51-e51c4c0068d6\" class=\"has-text-align-center wp-block-heading\" style=\"text-align: center;\">\u00a0<\/h1>\r\n<p>\r\n\r\n<\/p>\r\n<p class=\"has-text-align-center\" style=\"text-align: center;\"><em><strong>Hi everyone and Welcome. This year, as you can see, there is a lot of changes happening on my blog. New domain name, new logo, new theme&#8230; Really exciting!! When I first started with Karo&#8217;s little corner, I had no idea it would get this far. The support I got from my friends, my family, and mostly strangers is unbelievable. The point of this post is for you, my dear readers to get to know me better.<\/strong><\/em><\/p>\r\n<p class=\"has-text-align-center\">My nickname is Karo as you already know, and these are 10 facts about me.<\/p>\r\n<p><img data-recalc-dims=\"1\" fetchpriority=\"high\" decoding=\"async\" class=\"aligncenter wp-image-2209 size-full\" src=\"https:\/\/i0.wp.com\/karoslittlecorner.com\/wp-content\/uploads\/2023\/01\/360_F_262034783_DJDHFbttnkHP6XA9wAQlwwAYxuCz5kl8.jpg?resize=965%2C360&#038;ssl=1\" alt=\"\" width=\"965\" height=\"360\" srcset=\"https:\/\/i0.wp.com\/karoslittlecorner.com\/wp-content\/uploads\/2023\/01\/360_F_262034783_DJDHFbttnkHP6XA9wAQlwwAYxuCz5kl8.jpg?w=965&amp;ssl=1 965w, https:\/\/i0.wp.com\/karoslittlecorner.com\/wp-content\/uploads\/2023\/01\/360_F_262034783_DJDHFbttnkHP6XA9wAQlwwAYxuCz5kl8.jpg?resize=300%2C112&amp;ssl=1 300w, https:\/\/i0.wp.com\/karoslittlecorner.com\/wp-content\/uploads\/2023\/01\/360_F_262034783_DJDHFbttnkHP6XA9wAQlwwAYxuCz5kl8.jpg?resize=700%2C261&amp;ssl=1 700w, https:\/\/i0.wp.com\/karoslittlecorner.com\/wp-content\/uploads\/2023\/01\/360_F_262034783_DJDHFbttnkHP6XA9wAQlwwAYxuCz5kl8.jpg?resize=768%2C287&amp;ssl=1 768w, https:\/\/i0.wp.com\/karoslittlecorner.com\/wp-content\/uploads\/2023\/01\/360_F_262034783_DJDHFbttnkHP6XA9wAQlwwAYxuCz5kl8.jpg?resize=604%2C225&amp;ssl=1 604w\" sizes=\"(max-width: 965px) 100vw, 965px\" \/><\/p>\r\n<p>\r\n\r\n<\/p>\r\n<p>\u00a01- My full name is actually Marie Christie Caroline Augustin and I was born on December 9th.<\/p>\r\n<p>2- I\u2019m the last child of 4, and also the only girl. So basically, I\u2019m a princess.<\/p>\r\n<p>\u00a03- I am passionate about baking\/cooking, music, and soccer.<\/p>\r\n<p>4- Besides English, I speak 3 other languages<\/p>\r\n<p>5- I really love pizza and chocolate but only &#8220;Dark Chocolate&#8221;.\u00a0<\/p>\r\n<p>6- I really love writing, don&#8217;t leave a piece of paper and a pen next to me.<\/p>\r\n<p>7- I am really a shy and introverted person.\u00a0<\/p>\r\n<p>8- I am a musician and I play multiple instruments.<\/p>\r\n<p>9- In High School I won a popular National Writing Context &#8220;<em>Kenbe T\u00e8t ou, kraze b\u00e8t ou, kw\u00e8 nan t\u00e8t ou<\/em>&#8221; with a poem called &#8220;F\u00f2s lajen\u00e8s&#8221;.<\/p>\r\n<p>10- I am usually the &#8220;voice of reason&#8221; or the &#8220;momma bear&#8221; of my group of friends.<br \/>\r\n\r\n<\/p>\r\n<p>So there you have it people, 10 fun facts about your favorite writer. I hope that now you guys feel more included in the family. Thank you for your love and support, and I won&#8217;t stop writing for you guys.<\/p>\r\n<p>Stay safe and be blessed!\u00a0<\/p>\r\n<p style=\"text-align: right;\"><strong><em>With Love, Karo.\u00a0<\/em><\/strong><\/p>\r\n<div class=\"tiled-gallery type-rectangular tiled-gallery-unresized\" data-original-width=\"1170\" data-carousel-extra='null' itemscope itemtype=\"http:\/\/schema.org\/ImageGallery\" > <div class=\"gallery-row\" style=\"width: 1170px; height: 507px;\" data-original-width=\"1170\" data-original-height=\"507\" > <div class=\"gallery-group images-1\" style=\"width: 382px; height: 507px;\" data-original-width=\"382\" data-original-height=\"507\" > <div class=\"tiled-gallery-item tiled-gallery-item-large\" itemprop=\"associatedMedia\" itemscope itemtype=\"http:\/\/schema.org\/ImageObject\"> <a href=\"https:\/\/karoslittlecorner.com\/index.php\/whos-karo\/032612b7-7858-440f-89b4-3223aacd16d8\/\" border=\"0\" itemprop=\"url\"> <meta itemprop=\"width\" content=\"378\"> <meta itemprop=\"height\" content=\"503\"> <img loading=\"lazy\" decoding=\"async\" class=\"\" data-attachment-id=\"2745\" data-orig-file=\"https:\/\/karoslittlecorner.com\/wp-content\/uploads\/2023\/02\/032612B7-7858-440F-89B4-3223AACD16D8-scaled.webp\" data-orig-size=\"1920,2560\" data-comments-opened=\"\" data-image-meta=\"{&quot;aperture&quot;:&quot;0&quot;,&quot;credit&quot;:&quot;&quot;,&quot;camera&quot;:&quot;&quot;,&quot;caption&quot;:&quot;&quot;,&quot;created_timestamp&quot;:&quot;0&quot;,&quot;copyright&quot;:&quot;&quot;,&quot;focal_length&quot;:&quot;0&quot;,&quot;iso&quot;:&quot;0&quot;,&quot;shutter_speed&quot;:&quot;0&quot;,&quot;title&quot;:&quot;&quot;,&quot;orientation&quot;:&quot;1&quot;}\" data-image-title=\"032612B7-7858-440F-89B4-3223AACD16D8\" data-image-description=\"\" data-medium-file=\"https:\/\/i0.wp.com\/karoslittlecorner.com\/wp-content\/uploads\/2023\/02\/032612B7-7858-440F-89B4-3223AACD16D8-scaled.webp?fit=225%2C300&#038;ssl=1\" data-large-file=\"https:\/\/i0.wp.com\/karoslittlecorner.com\/wp-content\/uploads\/2023\/02\/032612B7-7858-440F-89B4-3223AACD16D8-scaled.webp?fit=700%2C933&#038;ssl=1\" src=\"https:\/\/i0.wp.com\/karoslittlecorner.com\/wp-content\/uploads\/2023\/02\/032612B7-7858-440F-89B4-3223AACD16D8-scaled.webp?w=378&#038;h=503&#038;ssl=1\" srcset=\"https:\/\/i0.wp.com\/karoslittlecorner.com\/wp-content\/uploads\/2023\/02\/032612B7-7858-440F-89B4-3223AACD16D8-scaled.webp?w=1920&amp;ssl=1 1920w, https:\/\/i0.wp.com\/karoslittlecorner.com\/wp-content\/uploads\/2023\/02\/032612B7-7858-440F-89B4-3223AACD16D8-scaled.webp?resize=225%2C300&amp;ssl=1 225w, https:\/\/i0.wp.com\/karoslittlecorner.com\/wp-content\/uploads\/2023\/02\/032612B7-7858-440F-89B4-3223AACD16D8-scaled.webp?resize=700%2C933&amp;ssl=1 700w, https:\/\/i0.wp.com\/karoslittlecorner.com\/wp-content\/uploads\/2023\/02\/032612B7-7858-440F-89B4-3223AACD16D8-scaled.webp?resize=768%2C1024&amp;ssl=1 768w, https:\/\/i0.wp.com\/karoslittlecorner.com\/wp-content\/uploads\/2023\/02\/032612B7-7858-440F-89B4-3223AACD16D8-scaled.webp?resize=1152%2C1536&amp;ssl=1 1152w, https:\/\/i0.wp.com\/karoslittlecorner.com\/wp-content\/uploads\/2023\/02\/032612B7-7858-440F-89B4-3223AACD16D8-scaled.webp?resize=1536%2C2048&amp;ssl=1 1536w, https:\/\/i0.wp.com\/karoslittlecorner.com\/wp-content\/uploads\/2023\/02\/032612B7-7858-440F-89B4-3223AACD16D8-scaled.webp?resize=450%2C600&amp;ssl=1 450w, https:\/\/i0.wp.com\/karoslittlecorner.com\/wp-content\/uploads\/2023\/02\/032612B7-7858-440F-89B4-3223AACD16D8-scaled.webp?resize=780%2C1040&amp;ssl=1 780w, https:\/\/i0.wp.com\/karoslittlecorner.com\/wp-content\/uploads\/2023\/02\/032612B7-7858-440F-89B4-3223AACD16D8-scaled.webp?resize=1600%2C2133&amp;ssl=1 1600w, https:\/\/i0.wp.com\/karoslittlecorner.com\/wp-content\/uploads\/2023\/02\/032612B7-7858-440F-89B4-3223AACD16D8-scaled.webp?resize=1320%2C1760&amp;ssl=1 1320w\" width=\"378\" height=\"503\" loading=\"lazy\" data-original-width=\"378\" data-original-height=\"503\" itemprop=\"http:\/\/schema.org\/image\" title=\"032612B7-7858-440F-89B4-3223AACD16D8\" alt=\"032612B7-7858-440F-89B4-3223AACD16D8\" style=\"width: 378px; height: 503px;\" \/> <\/a> <\/div> <\/div> <!-- close group --> <div class=\"gallery-group images-1\" style=\"width: 407px; height: 507px;\" data-original-width=\"407\" data-original-height=\"507\" > <div class=\"tiled-gallery-item tiled-gallery-item-large\" itemprop=\"associatedMedia\" itemscope itemtype=\"http:\/\/schema.org\/ImageObject\"> <a href=\"https:\/\/karoslittlecorner.com\/index.php\/whos-karo\/c4655405-ce9e-4cff-a869-e81a73dd23e6\/\" border=\"0\" itemprop=\"url\"> <meta itemprop=\"width\" content=\"403\"> <meta itemprop=\"height\" content=\"503\"> <img loading=\"lazy\" decoding=\"async\" class=\"\" data-attachment-id=\"2744\" data-orig-file=\"https:\/\/karoslittlecorner.com\/wp-content\/uploads\/2023\/02\/C4655405-CE9E-4CFF-A869-E81A73DD23E6-jpeg.webp\" data-orig-size=\"1170,1460\" data-comments-opened=\"\" data-image-meta=\"{&quot;aperture&quot;:&quot;0&quot;,&quot;credit&quot;:&quot;&quot;,&quot;camera&quot;:&quot;&quot;,&quot;caption&quot;:&quot;&quot;,&quot;created_timestamp&quot;:&quot;0&quot;,&quot;copyright&quot;:&quot;&quot;,&quot;focal_length&quot;:&quot;0&quot;,&quot;iso&quot;:&quot;0&quot;,&quot;shutter_speed&quot;:&quot;0&quot;,&quot;title&quot;:&quot;&quot;,&quot;orientation&quot;:&quot;1&quot;}\" data-image-title=\"C4655405-CE9E-4CFF-A869-E81A73DD23E6\" data-image-description=\"\" data-medium-file=\"https:\/\/i0.wp.com\/karoslittlecorner.com\/wp-content\/uploads\/2023\/02\/C4655405-CE9E-4CFF-A869-E81A73DD23E6-jpeg.webp?fit=240%2C300&#038;ssl=1\" data-large-file=\"https:\/\/i0.wp.com\/karoslittlecorner.com\/wp-content\/uploads\/2023\/02\/C4655405-CE9E-4CFF-A869-E81A73DD23E6-jpeg.webp?fit=700%2C874&#038;ssl=1\" src=\"https:\/\/i0.wp.com\/karoslittlecorner.com\/wp-content\/uploads\/2023\/02\/C4655405-CE9E-4CFF-A869-E81A73DD23E6-jpeg.webp?w=403&#038;h=503&#038;ssl=1\" srcset=\"https:\/\/i0.wp.com\/karoslittlecorner.com\/wp-content\/uploads\/2023\/02\/C4655405-CE9E-4CFF-A869-E81A73DD23E6-jpeg.webp?w=1170&amp;ssl=1 1170w, https:\/\/i0.wp.com\/karoslittlecorner.com\/wp-content\/uploads\/2023\/02\/C4655405-CE9E-4CFF-A869-E81A73DD23E6-jpeg.webp?resize=240%2C300&amp;ssl=1 240w, https:\/\/i0.wp.com\/karoslittlecorner.com\/wp-content\/uploads\/2023\/02\/C4655405-CE9E-4CFF-A869-E81A73DD23E6-jpeg.webp?resize=700%2C874&amp;ssl=1 700w, https:\/\/i0.wp.com\/karoslittlecorner.com\/wp-content\/uploads\/2023\/02\/C4655405-CE9E-4CFF-A869-E81A73DD23E6-jpeg.webp?resize=768%2C958&amp;ssl=1 768w, https:\/\/i0.wp.com\/karoslittlecorner.com\/wp-content\/uploads\/2023\/02\/C4655405-CE9E-4CFF-A869-E81A73DD23E6-jpeg.webp?resize=450%2C562&amp;ssl=1 450w, https:\/\/i0.wp.com\/karoslittlecorner.com\/wp-content\/uploads\/2023\/02\/C4655405-CE9E-4CFF-A869-E81A73DD23E6-jpeg.webp?resize=780%2C973&amp;ssl=1 780w\" width=\"403\" height=\"503\" loading=\"lazy\" data-original-width=\"403\" data-original-height=\"503\" itemprop=\"http:\/\/schema.org\/image\" title=\"C4655405-CE9E-4CFF-A869-E81A73DD23E6\" alt=\"C4655405-CE9E-4CFF-A869-E81A73DD23E6\" style=\"width: 403px; height: 503px;\" \/> <\/a> <\/div> <\/div> <!-- close group --> <div class=\"gallery-group images-1\" style=\"width: 381px; height: 507px;\" data-original-width=\"381\" data-original-height=\"507\" > <div class=\"tiled-gallery-item tiled-gallery-item-large\" itemprop=\"associatedMedia\" itemscope itemtype=\"http:\/\/schema.org\/ImageObject\"> <a href=\"https:\/\/karoslittlecorner.com\/index.php\/whos-karo\/f77c30b9-8d1d-4788-b92f-3ac0686ad7e4\/\" border=\"0\" itemprop=\"url\"> <meta itemprop=\"width\" content=\"377\"> <meta itemprop=\"height\" content=\"503\"> <img loading=\"lazy\" decoding=\"async\" class=\"\" data-attachment-id=\"2743\" data-orig-file=\"https:\/\/karoslittlecorner.com\/wp-content\/uploads\/2023\/02\/F77C30B9-8D1D-4788-B92F-3AC0686AD7E4-jpeg.webp\" data-orig-size=\"1536,2048\" data-comments-opened=\"\" data-image-meta=\"{&quot;aperture&quot;:&quot;1.6&quot;,&quot;credit&quot;:&quot;&quot;,&quot;camera&quot;:&quot;iPhone 12&quot;,&quot;caption&quot;:&quot;&quot;,&quot;created_timestamp&quot;:&quot;1670603214&quot;,&quot;copyright&quot;:&quot;&quot;,&quot;focal_length&quot;:&quot;4.2&quot;,&quot;iso&quot;:&quot;32&quot;,&quot;shutter_speed&quot;:&quot;0.0042735042735043&quot;,&quot;title&quot;:&quot;&quot;,&quot;orientation&quot;:&quot;1&quot;}\" data-image-title=\"F77C30B9-8D1D-4788-B92F-3AC0686AD7E4\" data-image-description=\"\" data-medium-file=\"https:\/\/i0.wp.com\/karoslittlecorner.com\/wp-content\/uploads\/2023\/02\/F77C30B9-8D1D-4788-B92F-3AC0686AD7E4-jpeg.webp?fit=225%2C300&#038;ssl=1\" data-large-file=\"https:\/\/i0.wp.com\/karoslittlecorner.com\/wp-content\/uploads\/2023\/02\/F77C30B9-8D1D-4788-B92F-3AC0686AD7E4-jpeg.webp?fit=700%2C933&#038;ssl=1\" src=\"https:\/\/i0.wp.com\/karoslittlecorner.com\/wp-content\/uploads\/2023\/02\/F77C30B9-8D1D-4788-B92F-3AC0686AD7E4-jpeg.webp?w=377&#038;h=503&#038;ssl=1\" srcset=\"https:\/\/i0.wp.com\/karoslittlecorner.com\/wp-content\/uploads\/2023\/02\/F77C30B9-8D1D-4788-B92F-3AC0686AD7E4-jpeg.webp?w=1536&amp;ssl=1 1536w, https:\/\/i0.wp.com\/karoslittlecorner.com\/wp-content\/uploads\/2023\/02\/F77C30B9-8D1D-4788-B92F-3AC0686AD7E4-jpeg.webp?resize=225%2C300&amp;ssl=1 225w, https:\/\/i0.wp.com\/karoslittlecorner.com\/wp-content\/uploads\/2023\/02\/F77C30B9-8D1D-4788-B92F-3AC0686AD7E4-jpeg.webp?resize=700%2C933&amp;ssl=1 700w, https:\/\/i0.wp.com\/karoslittlecorner.com\/wp-content\/uploads\/2023\/02\/F77C30B9-8D1D-4788-B92F-3AC0686AD7E4-jpeg.webp?resize=768%2C1024&amp;ssl=1 768w, https:\/\/i0.wp.com\/karoslittlecorner.com\/wp-content\/uploads\/2023\/02\/F77C30B9-8D1D-4788-B92F-3AC0686AD7E4-jpeg.webp?resize=1152%2C1536&amp;ssl=1 1152w, https:\/\/i0.wp.com\/karoslittlecorner.com\/wp-content\/uploads\/2023\/02\/F77C30B9-8D1D-4788-B92F-3AC0686AD7E4-jpeg.webp?resize=450%2C600&amp;ssl=1 450w, https:\/\/i0.wp.com\/karoslittlecorner.com\/wp-content\/uploads\/2023\/02\/F77C30B9-8D1D-4788-B92F-3AC0686AD7E4-jpeg.webp?resize=780%2C1040&amp;ssl=1 780w, https:\/\/i0.wp.com\/karoslittlecorner.com\/wp-content\/uploads\/2023\/02\/F77C30B9-8D1D-4788-B92F-3AC0686AD7E4-jpeg.webp?resize=1320%2C1760&amp;ssl=1 1320w\" width=\"377\" height=\"503\" loading=\"lazy\" data-original-width=\"377\" data-original-height=\"503\" itemprop=\"http:\/\/schema.org\/image\" title=\"F77C30B9-8D1D-4788-B92F-3AC0686AD7E4\" alt=\"F77C30B9-8D1D-4788-B92F-3AC0686AD7E4\" style=\"width: 377px; height: 503px;\" \/> <\/a> <\/div> <\/div> <!-- close group --> <\/div> <!-- close row --> <\/div>\r\n<p style=\"padding-left: 40px;\">\u00a0<\/p>\r\n<p><\/p>","protected":false},"excerpt":{"rendered":"<p>\u00a0 Hi everyone and Welcome. This year, as you can see, there is a lot of changes happening on my blog. New domain name, new logo, new theme&#8230; Really exciting!! When I first started with Karo&#8217;s little corner, I had no idea it would get this far. The support I got from my friends, my [&hellip;]<\/p>\n","protected":false},"author":1,"featured_media":0,"parent":0,"menu_order":0,"comment_status":"closed","ping_status":"closed","template":"","meta":{"_uag_custom_page_level_css":"","footnotes":""},"categories":[1],"tags":[],"class_list":{"0":"post-1475","1":"page","2":"type-page","3":"status-publish","5":"category-uncategorized"},"yoast_head":"<!-- This site is optimized with the Yoast SEO plugin v27.4 - https:\/\/yoast.com\/product\/yoast-seo-wordpress\/ -->\n<title>10 fun facts about me -<\/title>\n<meta name=\"robots\" content=\"index, follow, max-snippet:-1, max-image-preview:large, max-video-preview:-1\" \/>\n<link rel=\"canonical\" href=\"https:\/\/karoslittlecorner.com\/index.php\/whos-karo\/\" \/>\n<meta property=\"og:locale\" content=\"en_US\" \/>\n<meta property=\"og:type\" content=\"article\" \/>\n<meta property=\"og:title\" content=\"10 fun facts about me -\" \/>\n<meta property=\"og:description\" content=\"\u00a0 Hi everyone and Welcome. This year, as you can see, there is a lot of changes happening on my blog. New domain name, new logo, new theme&#8230; Really exciting!! When I first started with Karo&#8217;s little corner, I had no idea it would get this far. The support I got from my friends, my [&hellip;]\" \/>\n<meta property=\"og:url\" content=\"https:\/\/karoslittlecorner.com\/index.php\/whos-karo\/\" \/>\n<meta property=\"article:modified_time\" content=\"2023-09-01T15:07:37+00:00\" \/>\n<meta property=\"og:image\" content=\"https:\/\/karoslittlecorner.com\/wp-content\/uploads\/2023\/02\/032612B7-7858-440F-89B4-3223AACD16D8-1320x1760.webp\" \/>\n<meta name=\"twitter:card\" content=\"summary_large_image\" \/>\n<meta name=\"twitter:label1\" content=\"Est. reading time\" \/>\n\t<meta name=\"twitter:data1\" content=\"1 minute\" \/>\n<script type=\"application\/ld+json\" class=\"yoast-schema-graph\">{\"@context\":\"https:\\\/\\\/schema.org\",\"@graph\":[{\"@type\":\"WebPage\",\"@id\":\"https:\\\/\\\/karoslittlecorner.com\\\/index.php\\\/whos-karo\\\/\",\"url\":\"https:\\\/\\\/karoslittlecorner.com\\\/index.php\\\/whos-karo\\\/\",\"name\":\"10 fun facts about me -\",\"isPartOf\":{\"@id\":\"https:\\\/\\\/karoslittlecorner.com\\\/#website\"},\"primaryImageOfPage\":{\"@id\":\"https:\\\/\\\/karoslittlecorner.com\\\/index.php\\\/whos-karo\\\/#primaryimage\"},\"image\":{\"@id\":\"https:\\\/\\\/karoslittlecorner.com\\\/index.php\\\/whos-karo\\\/#primaryimage\"},\"thumbnailUrl\":\"https:\\\/\\\/karoslittlecorner.com\\\/wp-content\\\/uploads\\\/2023\\\/01\\\/360_F_262034783_DJDHFbttnkHP6XA9wAQlwwAYxuCz5kl8.jpg\",\"datePublished\":\"2022-10-10T07:41:39+00:00\",\"dateModified\":\"2023-09-01T15:07:37+00:00\",\"breadcrumb\":{\"@id\":\"https:\\\/\\\/karoslittlecorner.com\\\/index.php\\\/whos-karo\\\/#breadcrumb\"},\"inLanguage\":\"en-US\",\"potentialAction\":[{\"@type\":\"ReadAction\",\"target\":[\"https:\\\/\\\/karoslittlecorner.com\\\/index.php\\\/whos-karo\\\/\"]}]},{\"@type\":\"ImageObject\",\"inLanguage\":\"en-US\",\"@id\":\"https:\\\/\\\/karoslittlecorner.com\\\/index.php\\\/whos-karo\\\/#primaryimage\",\"url\":\"https:\\\/\\\/i0.wp.com\\\/karoslittlecorner.com\\\/wp-content\\\/uploads\\\/2023\\\/01\\\/360_F_262034783_DJDHFbttnkHP6XA9wAQlwwAYxuCz5kl8.jpg?fit=965%2C360&ssl=1\",\"contentUrl\":\"https:\\\/\\\/i0.wp.com\\\/karoslittlecorner.com\\\/wp-content\\\/uploads\\\/2023\\\/01\\\/360_F_262034783_DJDHFbttnkHP6XA9wAQlwwAYxuCz5kl8.jpg?fit=965%2C360&ssl=1\",\"width\":965,\"height\":360},{\"@type\":\"BreadcrumbList\",\"@id\":\"https:\\\/\\\/karoslittlecorner.com\\\/index.php\\\/whos-karo\\\/#breadcrumb\",\"itemListElement\":[{\"@type\":\"ListItem\",\"position\":1,\"name\":\"Home\",\"item\":\"https:\\\/\\\/karoslittlecorner.com\\\/\"},{\"@type\":\"ListItem\",\"position\":2,\"name\":\"10 fun facts about me\"}]},{\"@type\":\"WebSite\",\"@id\":\"https:\\\/\\\/karoslittlecorner.com\\\/#website\",\"url\":\"https:\\\/\\\/karoslittlecorner.com\\\/\",\"name\":\"karoslittlecorner\",\"description\":\"Karo&#039;s blog\",\"publisher\":{\"@id\":\"https:\\\/\\\/karoslittlecorner.com\\\/#\\\/schema\\\/person\\\/d9dfd7f8022e34508ae5d9071ee04909\"},\"potentialAction\":[{\"@type\":\"SearchAction\",\"target\":{\"@type\":\"EntryPoint\",\"urlTemplate\":\"https:\\\/\\\/karoslittlecorner.com\\\/?s={search_term_string}\"},\"query-input\":{\"@type\":\"PropertyValueSpecification\",\"valueRequired\":true,\"valueName\":\"search_term_string\"}}],\"inLanguage\":\"en-US\"},{\"@type\":[\"Person\",\"Organization\"],\"@id\":\"https:\\\/\\\/karoslittlecorner.com\\\/#\\\/schema\\\/person\\\/d9dfd7f8022e34508ae5d9071ee04909\",\"name\":\"karoaug\",\"image\":{\"@type\":\"ImageObject\",\"inLanguage\":\"en-US\",\"@id\":\"https:\\\/\\\/i0.wp.com\\\/karoslittlecorner.com\\\/wp-content\\\/uploads\\\/2023\\\/01\\\/cropped-cropped-Karos-little-corner-Logo-2-1-4.png?fit=500%2C500&ssl=1\",\"url\":\"https:\\\/\\\/i0.wp.com\\\/karoslittlecorner.com\\\/wp-content\\\/uploads\\\/2023\\\/01\\\/cropped-cropped-Karos-little-corner-Logo-2-1-4.png?fit=500%2C500&ssl=1\",\"contentUrl\":\"https:\\\/\\\/i0.wp.com\\\/karoslittlecorner.com\\\/wp-content\\\/uploads\\\/2023\\\/01\\\/cropped-cropped-Karos-little-corner-Logo-2-1-4.png?fit=500%2C500&ssl=1\",\"width\":500,\"height\":500,\"caption\":\"karoaug\"},\"logo\":{\"@id\":\"https:\\\/\\\/i0.wp.com\\\/karoslittlecorner.com\\\/wp-content\\\/uploads\\\/2023\\\/01\\\/cropped-cropped-Karos-little-corner-Logo-2-1-4.png?fit=500%2C500&ssl=1\"},\"sameAs\":[\"https:\\\/\\\/karoslittlecorner.com\"]}]}<\/script>\n<!-- \/ Yoast SEO plugin. -->","yoast_head_json":{"title":"10 fun facts about me -","robots":{"index":"index","follow":"follow","max-snippet":"max-snippet:-1","max-image-preview":"max-image-preview:large","max-video-preview":"max-video-preview:-1"},"canonical":"https:\/\/karoslittlecorner.com\/index.php\/whos-karo\/","og_locale":"en_US","og_type":"article","og_title":"10 fun facts about me -","og_description":"\u00a0 Hi everyone and Welcome. This year, as you can see, there is a lot of changes happening on my blog. New domain name, new logo, new theme&#8230; Really exciting!! When I first started with Karo&#8217;s little corner, I had no idea it would get this far. The support I got from my friends, my [&hellip;]","og_url":"https:\/\/karoslittlecorner.com\/index.php\/whos-karo\/","article_modified_time":"2023-09-01T15:07:37+00:00","og_image":[{"url":"https:\/\/karoslittlecorner.com\/wp-content\/uploads\/2023\/02\/032612B7-7858-440F-89B4-3223AACD16D8-1320x1760.webp","type":"","width":"","height":""}],"twitter_card":"summary_large_image","twitter_misc":{"Est. reading time":"1 minute"},"schema":{"@context":"https:\/\/schema.org","@graph":[{"@type":"WebPage","@id":"https:\/\/karoslittlecorner.com\/index.php\/whos-karo\/","url":"https:\/\/karoslittlecorner.com\/index.php\/whos-karo\/","name":"10 fun facts about me -","isPartOf":{"@id":"https:\/\/karoslittlecorner.com\/#website"},"primaryImageOfPage":{"@id":"https:\/\/karoslittlecorner.com\/index.php\/whos-karo\/#primaryimage"},"image":{"@id":"https:\/\/karoslittlecorner.com\/index.php\/whos-karo\/#primaryimage"},"thumbnailUrl":"https:\/\/karoslittlecorner.com\/wp-content\/uploads\/2023\/01\/360_F_262034783_DJDHFbttnkHP6XA9wAQlwwAYxuCz5kl8.jpg","datePublished":"2022-10-10T07:41:39+00:00","dateModified":"2023-09-01T15:07:37+00:00","breadcrumb":{"@id":"https:\/\/karoslittlecorner.com\/index.php\/whos-karo\/#breadcrumb"},"inLanguage":"en-US","potentialAction":[{"@type":"ReadAction","target":["https:\/\/karoslittlecorner.com\/index.php\/whos-karo\/"]}]},{"@type":"ImageObject","inLanguage":"en-US","@id":"https:\/\/karoslittlecorner.com\/index.php\/whos-karo\/#primaryimage","url":"https:\/\/i0.wp.com\/karoslittlecorner.com\/wp-content\/uploads\/2023\/01\/360_F_262034783_DJDHFbttnkHP6XA9wAQlwwAYxuCz5kl8.jpg?fit=965%2C360&ssl=1","contentUrl":"https:\/\/i0.wp.com\/karoslittlecorner.com\/wp-content\/uploads\/2023\/01\/360_F_262034783_DJDHFbttnkHP6XA9wAQlwwAYxuCz5kl8.jpg?fit=965%2C360&ssl=1","width":965,"height":360},{"@type":"BreadcrumbList","@id":"https:\/\/karoslittlecorner.com\/index.php\/whos-karo\/#breadcrumb","itemListElement":[{"@type":"ListItem","position":1,"name":"Home","item":"https:\/\/karoslittlecorner.com\/"},{"@type":"ListItem","position":2,"name":"10 fun facts about me"}]},{"@type":"WebSite","@id":"https:\/\/karoslittlecorner.com\/#website","url":"https:\/\/karoslittlecorner.com\/","name":"karoslittlecorner","description":"Karo&#039;s blog","publisher":{"@id":"https:\/\/karoslittlecorner.com\/#\/schema\/person\/d9dfd7f8022e34508ae5d9071ee04909"},"potentialAction":[{"@type":"SearchAction","target":{"@type":"EntryPoint","urlTemplate":"https:\/\/karoslittlecorner.com\/?s={search_term_string}"},"query-input":{"@type":"PropertyValueSpecification","valueRequired":true,"valueName":"search_term_string"}}],"inLanguage":"en-US"},{"@type":["Person","Organization"],"@id":"https:\/\/karoslittlecorner.com\/#\/schema\/person\/d9dfd7f8022e34508ae5d9071ee04909","name":"karoaug","image":{"@type":"ImageObject","inLanguage":"en-US","@id":"https:\/\/i0.wp.com\/karoslittlecorner.com\/wp-content\/uploads\/2023\/01\/cropped-cropped-Karos-little-corner-Logo-2-1-4.png?fit=500%2C500&ssl=1","url":"https:\/\/i0.wp.com\/karoslittlecorner.com\/wp-content\/uploads\/2023\/01\/cropped-cropped-Karos-little-corner-Logo-2-1-4.png?fit=500%2C500&ssl=1","contentUrl":"https:\/\/i0.wp.com\/karoslittlecorner.com\/wp-content\/uploads\/2023\/01\/cropped-cropped-Karos-little-corner-Logo-2-1-4.png?fit=500%2C500&ssl=1","width":500,"height":500,"caption":"karoaug"},"logo":{"@id":"https:\/\/i0.wp.com\/karoslittlecorner.com\/wp-content\/uploads\/2023\/01\/cropped-cropped-Karos-little-corner-Logo-2-1-4.png?fit=500%2C500&ssl=1"},"sameAs":["https:\/\/karoslittlecorner.com"]}]}},"uagb_featured_image_src":{"full":false,"thumbnail":false,"medium":false,"medium_large":false,"large":false,"1536x1536":false,"2048x2048":false,"pixwell_370x250":false,"pixwell_370x250-2x":false,"pixwell_370x250-3x":false,"pixwell_280x210":false,"pixwell_280x210-2x":false,"pixwell_400x450":false,"pixwell_400x600":false,"pixwell_450x0":false,"pixwell_780x0":false,"pixwell_780x0-2x":false,"mailpoet_newsletter_max":false},"uagb_author_info":{"display_name":"karoaug","author_link":"https:\/\/karoslittlecorner.com\/index.php\/author\/karoaug\/"},"uagb_comment_info":0,"uagb_excerpt":"\u00a0 Hi everyone and Welcome. This year, as you can see, there is a lot of changes happening on my blog. New domain name, new logo, new theme&#8230; Really exciting!! When I first started with Karo&#8217;s little corner, I had no idea it would get this far. The support I got from my friends, my&hellip;","jetpack_sharing_enabled":false,"jetpack-related-posts":[],"_links":{"self":[{"href":"https:\/\/karoslittlecorner.com\/index.php\/wp-json\/wp\/v2\/pages\/1475","targetHints":{"allow":["GET"]}}],"collection":[{"href":"https:\/\/karoslittlecorner.com\/index.php\/wp-json\/wp\/v2\/pages"}],"about":[{"href":"https:\/\/karoslittlecorner.com\/index.php\/wp-json\/wp\/v2\/types\/page"}],"author":[{"embeddable":true,"href":"https:\/\/karoslittlecorner.com\/index.php\/wp-json\/wp\/v2\/users\/1"}],"replies":[{"embeddable":true,"href":"https:\/\/karoslittlecorner.com\/index.php\/wp-json\/wp\/v2\/comments?post=1475"}],"version-history":[{"count":9,"href":"https:\/\/karoslittlecorner.com\/index.php\/wp-json\/wp\/v2\/pages\/1475\/revisions"}],"predecessor-version":[{"id":3568,"href":"https:\/\/karoslittlecorner.com\/index.php\/wp-json\/wp\/v2\/pages\/1475\/revisions\/3568"}],"wp:attachment":[{"href":"https:\/\/karoslittlecorner.com\/index.php\/wp-json\/wp\/v2\/media?parent=1475"}],"wp:term":[{"taxonomy":"category","embeddable":true,"href":"https:\/\/karoslittlecorner.com\/index.php\/wp-json\/wp\/v2\/categories?post=1475"},{"taxonomy":"post_tag","embeddable":true,"href":"https:\/\/karoslittlecorner.com\/index.php\/wp-json\/wp\/v2\/tags?post=1475"}],"curies":[{"name":"wp","href":"https:\/\/api.w.org\/{rel}","templated":true}]}}